{"id":113,"date":"2019-08-20T14:47:49","date_gmt":"2019-08-20T14:47:49","guid":{"rendered":"http:\/\/dorisroller.de\/?page_id=113"},"modified":"2022-04-29T20:04:32","modified_gmt":"2022-04-29T20:04:32","slug":"ueber-mich","status":"publish","type":"page","link":"https:\/\/kommunikationerleben.de\/?page_id=113","title":{"rendered":"\u00dcber mich"},"content":{"rendered":"\t\t<div data-elementor-type=\"wp-page\" data-elementor-id=\"113\" class=\"elementor elementor-113\" data-elementor-settings=\"[]\">\n\t\t\t\t\t\t<div class=\"elementor-inner\">\n\t\t\t\t\t\t\t<div class=\"elementor-section-wrap\">\n\t\t\t\t\t\t\t<section class=\"elementor-section elementor-top-section elementor-element elementor-element-2144d1a5 elementor-section-stretched elementor-section-full_width elementor-section-height-min-height elementor-section-items-stretch elementor-section-content-middle elementor-hidden-phone elementor-section-height-default\" data-id=\"2144d1a5\" data-element_type=\"section\" data-settings=\"{&quot;stretch_section&quot;:&quot;section-stretched&quot;,&quot;background_background&quot;:&quot;slideshow&quot;,&quot;background_slideshow_gallery&quot;:[{&quot;id&quot;:901,&quot;url&quot;:&quot;https:\\\/\\\/kommunikationerleben.de\\\/wp-content\\\/uploads\\\/2020\\\/07\\\/754972_gallery.world_.jpg&quot;}],&quot;background_slideshow_loop&quot;:&quot;yes&quot;,&quot;background_slideshow_slide_duration&quot;:5000,&quot;background_slideshow_slide_transition&quot;:&quot;fade&quot;,&quot;background_slideshow_transition_duration&quot;:500}\">\n\t\t\t\t\t\t<div class=\"elementor-container elementor-column-gap-default\">\n\t\t\t\t\t\t\t<div class=\"elementor-row\">\n\t\t\t\t\t<div class=\"elementor-column elementor-col-100 elementor-top-column elementor-element elementor-element-50ba3acd\" data-id=\"50ba3acd\" data-element_type=\"column\" data-settings=\"{&quot;background_background&quot;:&quot;slideshow&quot;,&quot;background_slideshow_gallery&quot;:[],&quot;background_slideshow_loop&quot;:&quot;yes&quot;,&quot;background_slideshow_slide_duration&quot;:5000,&quot;background_slideshow_slide_transition&quot;:&quot;fade&quot;,&quot;background_slideshow_transition_duration&quot;:500}\">\n\t\t\t<div class=\"elementor-column-wrap elementor-element-populated\">\n\t\t\t\t\t\t\t<div class=\"elementor-widget-wrap\">\n\t\t\t\t\t\t<div class=\"elementor-element elementor-element-6f0918e4 elementor-align-center elementor-invisible elementor-widget elementor-widget-button\" data-id=\"6f0918e4\" data-element_type=\"widget\" data-settings=\"{&quot;_animation&quot;:&quot;fadeInLeft&quot;}\" data-widget_type=\"button.default\">\n\t\t\t\t<div class=\"elementor-widget-container\">\n\t\t\t\t\t<div class=\"elementor-button-wrapper\">\n\t\t\t<a href=\"#meinephilosophie\" class=\"elementor-button-link elementor-button elementor-size-lg\" role=\"button\">\n\t\t\t\t\t\t<span class=\"elementor-button-content-wrapper\">\n\t\t\t\t\t\t<span class=\"elementor-button-text\">Meine Philosophie<\/span>\n\t\t<\/span>\n\t\t\t\t\t<\/a>\n\t\t<\/div>\n\t\t\t\t<\/div>\n\t\t\t\t<\/div>\n\t\t\t\t<div class=\"elementor-element elementor-element-4f7d3ad2 elementor-align-center elementor-invisible elementor-widget elementor-widget-button\" data-id=\"4f7d3ad2\" data-element_type=\"widget\" data-settings=\"{&quot;_animation&quot;:&quot;fadeInRight&quot;}\" data-widget_type=\"button.default\">\n\t\t\t\t<div class=\"elementor-widget-container\">\n\t\t\t\t\t<div class=\"elementor-button-wrapper\">\n\t\t\t<a href=\"https:\/\/kommunikationerleben.de\/wp-content\/uploads\/2022\/04\/Kurzprofil_Doris_Roller.pdf\" target=\"_blank\" class=\"elementor-button-link elementor-button elementor-size-lg\" role=\"button\">\n\t\t\t\t\t\t<span class=\"elementor-button-content-wrapper\">\n\t\t\t\t\t\t<span class=\"elementor-button-text\">Kurzprofil<\/span>\n\t\t<\/span>\n\t\t\t\t\t<\/a>\n\t\t<\/div>\n\t\t\t\t<\/div>\n\t\t\t\t<\/div>\n\t\t\t\t\t\t<\/div>\n\t\t\t\t\t<\/div>\n\t\t<\/div>\n\t\t\t\t\t\t\t\t<\/div>\n\t\t\t\t\t<\/div>\n\t\t<\/section>\n\t\t\t\t<section class=\"elementor-section elementor-top-section elementor-element elementor-element-3fc895f elementor-hidden-phone elementor-section-boxed elementor-section-height-default elementor-section-height-default\" data-id=\"3fc895f\" data-element_type=\"section\">\n\t\t\t\t\t\t<div class=\"elementor-container elementor-column-gap-default\">\n\t\t\t\t\t\t\t<div class=\"elementor-row\">\n\t\t\t\t\t<div class=\"elementor-column elementor-col-100 elementor-top-column elementor-element elementor-element-6d06a5e\" data-id=\"6d06a5e\" data-element_type=\"column\">\n\t\t\t<div class=\"elementor-column-wrap elementor-element-populated\">\n\t\t\t\t\t\t\t<div class=\"elementor-widget-wrap\">\n\t\t\t\t\t\t<div class=\"elementor-element elementor-element-3844d2d elementor-widget elementor-widget-menu-anchor\" data-id=\"3844d2d\" data-element_type=\"widget\" data-widget_type=\"menu-anchor.default\">\n\t\t\t\t<div class=\"elementor-widget-container\">\n\t\t\t\t\t<div id=\"meinephilosophie\" class=\"elementor-menu-anchor\"><\/div>\n\t\t\t\t<\/div>\n\t\t\t\t<\/div>\n\t\t\t\t\t\t<\/div>\n\t\t\t\t\t<\/div>\n\t\t<\/div>\n\t\t\t\t\t\t\t\t<\/div>\n\t\t\t\t\t<\/div>\n\t\t<\/section>\n\t\t\t\t<section class=\"elementor-section elementor-top-section elementor-element elementor-element-41696fb elementor-section-stretched elementor-section-full_width elementor-section-height-min-height elementor-section-items-stretch elementor-section-content-middle elementor-hidden-phone elementor-section-height-default\" data-id=\"41696fb\" data-element_type=\"section\" data-settings=\"{&quot;stretch_section&quot;:&quot;section-stretched&quot;,&quot;background_background&quot;:&quot;classic&quot;}\">\n\t\t\t\t\t\t<div class=\"elementor-container elementor-column-gap-default\">\n\t\t\t\t\t\t\t<div class=\"elementor-row\">\n\t\t\t\t\t<div class=\"elementor-column elementor-col-100 elementor-top-column elementor-element elementor-element-44dc0b3f\" data-id=\"44dc0b3f\" data-element_type=\"column\" data-settings=\"{&quot;background_background&quot;:&quot;classic&quot;}\">\n\t\t\t<div class=\"elementor-column-wrap elementor-element-populated\">\n\t\t\t\t\t\t\t<div class=\"elementor-widget-wrap\">\n\t\t\t\t\t\t<div class=\"elementor-element elementor-element-47494f03 elementor-invisible elementor-widget elementor-widget-text-editor\" data-id=\"47494f03\" data-element_type=\"widget\" data-settings=\"{&quot;_animation&quot;:&quot;pulse&quot;}\" data-widget_type=\"text-editor.default\">\n\t\t\t\t<div class=\"elementor-widget-container\">\n\t\t\t\t\t\t\t\t<div class=\"elementor-text-editor elementor-clearfix\">\n\t\t\t\t<h1 style=\"text-align: center;\"><span style=\"color: #000000;\"><strong>Meine Philosophie<\/strong><\/span><\/h1><h3 style=\"text-align: left;\"><span style=\"color: #000000;\">\u00a0<\/span><\/h3><h3><span style=\"color: #000000;\">Meine Kommunikationsphilosophie ist gepr\u00e4gt von Paul Watzlawick, Carl Rogers, Ruth Cohn, Thomas Gordon, Eric Berne und Friedemann Schulz von Thun. Ihre Lehre hat mich in inspirierenden Prozessen in die Welt der Kommunikation eingef\u00fchrt, die mich seit Jahrzehnten nicht mehr losl\u00e4sst.<\/span><\/h3><h3><span style=\"color: #000000;\">Im t\u00e4glichen Berufs- und Privatleben werden einfache Regeln f\u00fcr kooperatives Miteinander manchmal \u00fcbersehen. Wenn das \u201eWas\u201c im Vordergrund steht und das \u201eWie\u201c vernachl\u00e4ssigt wird, geht Wesentliches auf dem Weg zum Ziel verloren.<\/span><\/h3><h3><span style=\"color: #000000;\">Ich begleite Sie mit wirksamen Methoden auf dem Weg zu Ihrem Ziel und bef\u00e4hige Sie darin, Ihren weiteren Weg zuk\u00fcnftig gest\u00e4rkt und in guter Begleitung durch Ihr Umfeld eigenst\u00e4ndig zu meistern.<\/span><\/h3><h3><span style=\"color: #000000;\">Ich tue das durch Beratung, Training und Coaching, das ich f\u00fcr (Zahn-)\u00c4rzt*innen und ihre Teams, f\u00fcr Patient*innen und Selbsthilfegruppen, f\u00fcr Teams in Krankenh\u00e4usern und f\u00fcr Studierende insbesondere an der Universit\u00e4ts-Zahnklinik der Medizinischen Fakult\u00e4t in Heidelberg anbiete.<\/span><\/h3><h3><span style=\"color: #000000;\">Dar\u00fcber hinaus m\u00f6chte ich alle Menschen ansprechen, die sich mit wirksamer Kommunikation begegnen wollen, sodass Herausforderungen in Beruf, Familie und Gesellschaft m\u00f6glichst erfolgreich und nachhaltig bew\u00e4ltigt werden k\u00f6nnen.<\/span><\/h3><h3><span style=\"color: #000000;\">Bei dieser Arbeit begleitet mich seit vielen Jahren der Baum als Metapher f\u00fcr St\u00e4rke, Ausdauer und Wandel. Wie kaum ein anderes Lebewesen verk\u00f6rpert er f\u00fcr mich das Bild von Wachstum, Anpassungsf\u00e4higkeit, Verankerung und Strahlkraft.<\/span><br \/><span style=\"color: #000000;\">All diese Eigenschaften m\u00f6chte ich mit Hilfe von gelingender Kommunikation bei meinen Kund*innen entwickeln und festigen.<\/span><\/h3><h3><span style=\"color: #000000;\">Ich freue mich, wenn ich auch Sie dabei begleiten darf.<\/span><\/h3><h3><span style=\"color: #000000;\">Ihre<\/span><\/h3><h3><span style=\"color: #000000;\">Doris Roller<\/span><\/h3><h3 style=\"text-align: left;\"><span style=\"color: #000000;\">\u00a0<\/span><\/h3>\t\t\t\t\t<\/div>\n\t\t\t\t\t\t<\/div>\n\t\t\t\t<\/div>\n\t\t\t\t\t\t<\/div>\n\t\t\t\t\t<\/div>\n\t\t<\/div>\n\t\t\t\t\t\t\t\t<\/div>\n\t\t\t\t\t<\/div>\n\t\t<\/section>\n\t\t\t\t<section class=\"elementor-section elementor-top-section elementor-element elementor-element-545e1d15 elementor-section-stretched elementor-section-full_width elementor-hidden-phone elementor-section-height-default elementor-section-height-default\" data-id=\"545e1d15\" data-element_type=\"section\" data-settings=\"{&quot;stretch_section&quot;:&quot;section-stretched&quot;,&quot;background_background&quot;:&quot;classic&quot;}\">\n\t\t\t\t\t\t<div class=\"elementor-container elementor-column-gap-default\">\n\t\t\t\t\t\t\t<div class=\"elementor-row\">\n\t\t\t\t\t<div class=\"elementor-column elementor-col-50 elementor-top-column elementor-element elementor-element-5a398f5e\" data-id=\"5a398f5e\" data-element_type=\"column\" data-settings=\"{&quot;background_background&quot;:&quot;classic&quot;}\">\n\t\t\t<div class=\"elementor-column-wrap elementor-element-populated\">\n\t\t\t\t\t\t\t<div class=\"elementor-widget-wrap\">\n\t\t\t\t\t\t<div class=\"elementor-element elementor-element-770f0512 elementor-absolute elementor-widget elementor-widget-text-editor\" data-id=\"770f0512\" data-element_type=\"widget\" data-settings=\"{&quot;_position&quot;:&quot;absolute&quot;}\" data-widget_type=\"text-editor.default\">\n\t\t\t\t<div class=\"elementor-widget-container\">\n\t\t\t\t\t\t\t\t<div class=\"elementor-text-editor elementor-clearfix\">\n\t\t\t\t<p><span style=\"color: #000000;\"><span style=\"color: #0000ff;\"><a href=\"https:\/\/kommunikationerleben.de\/?page_id=208\">Kontakt<\/a><br \/><a href=\"https:\/\/kommunikationerleben.de\/?page_id=143\">Impressum<\/a><br \/><span style=\"color: #ffffff;\"><a href=\"https:\/\/kommunikationerleben.de\/?page_id=1725\">Datenschutz<\/a><\/span><\/span><\/span><\/p>\t\t\t\t\t<\/div>\n\t\t\t\t\t\t<\/div>\n\t\t\t\t<\/div>\n\t\t\t\t\t\t<\/div>\n\t\t\t\t\t<\/div>\n\t\t<\/div>\n\t\t\t\t<div class=\"elementor-column elementor-col-50 elementor-top-column elementor-element elementor-element-7ebf13\" data-id=\"7ebf13\" data-element_type=\"column\" data-settings=\"{&quot;background_background&quot;:&quot;classic&quot;}\">\n\t\t\t<div class=\"elementor-column-wrap elementor-element-populated\">\n\t\t\t\t\t\t\t<div class=\"elementor-widget-wrap\">\n\t\t\t\t\t\t<div class=\"elementor-element elementor-element-683e842b elementor-widget elementor-widget-text-editor\" data-id=\"683e842b\" data-element_type=\"widget\" data-widget_type=\"text-editor.default\">\n\t\t\t\t<div class=\"elementor-widget-container\">\n\t\t\t\t\t\t\t\t<div class=\"elementor-text-editor elementor-clearfix\">\n\t\t\t\t<p><span style=\"color: #ffffff;\">Doris Roller<br \/>Gustav-Schulenburg-Stra\u00dfe 51<br \/>76189 Karlsruhe<\/span><\/p>\t\t\t\t\t<\/div>\n\t\t\t\t\t\t<\/div>\n\t\t\t\t<\/div>\n\t\t\t\t\t\t<\/div>\n\t\t\t\t\t<\/div>\n\t\t<\/div>\n\t\t\t\t\t\t\t\t<\/div>\n\t\t\t\t\t<\/div>\n\t\t<\/section>\n\t\t\t\t<section class=\"elementor-section elementor-top-section elementor-element elementor-element-8f9cd96 elementor-section-stretched elementor-section-full_width elementor-section-height-min-height elementor-section-items-stretch elementor-section-content-middle elementor-hidden-desktop elementor-hidden-tablet elementor-section-height-default\" data-id=\"8f9cd96\" data-element_type=\"section\" data-settings=\"{&quot;stretch_section&quot;:&quot;section-stretched&quot;,&quot;background_background&quot;:&quot;slideshow&quot;,&quot;background_slideshow_gallery&quot;:[{&quot;id&quot;:1911,&quot;url&quot;:&quot;https:\\\/\\\/kommunikationerleben.de\\\/wp-content\\\/uploads\\\/2020\\\/10\\\/754972_gallery_mobil_Web.jpg&quot;}],&quot;background_slideshow_loop&quot;:&quot;yes&quot;,&quot;background_slideshow_slide_duration&quot;:5000,&quot;background_slideshow_slide_transition&quot;:&quot;fade&quot;,&quot;background_slideshow_transition_duration&quot;:500}\">\n\t\t\t\t\t\t<div class=\"elementor-container elementor-column-gap-default\">\n\t\t\t\t\t\t\t<div class=\"elementor-row\">\n\t\t\t\t\t<div class=\"elementor-column elementor-col-100 elementor-top-column elementor-element elementor-element-86f3783\" data-id=\"86f3783\" data-element_type=\"column\" data-settings=\"{&quot;background_background&quot;:&quot;slideshow&quot;,&quot;background_slideshow_gallery&quot;:[],&quot;background_slideshow_loop&quot;:&quot;yes&quot;,&quot;background_slideshow_slide_duration&quot;:5000,&quot;background_slideshow_slide_transition&quot;:&quot;fade&quot;,&quot;background_slideshow_transition_duration&quot;:500}\">\n\t\t\t<div class=\"elementor-column-wrap elementor-element-populated\">\n\t\t\t\t\t\t\t<div class=\"elementor-widget-wrap\">\n\t\t\t\t\t\t<div class=\"elementor-element elementor-element-eecfe9c elementor-align-center elementor-invisible elementor-widget elementor-widget-button\" data-id=\"eecfe9c\" data-element_type=\"widget\" data-settings=\"{&quot;_animation&quot;:&quot;fadeInLeft&quot;}\" data-widget_type=\"button.default\">\n\t\t\t\t<div class=\"elementor-widget-container\">\n\t\t\t\t\t<div class=\"elementor-button-wrapper\">\n\t\t\t<a href=\"#meinephilosophiemobil\" class=\"elementor-button-link elementor-button elementor-size-lg\" role=\"button\">\n\t\t\t\t\t\t<span class=\"elementor-button-content-wrapper\">\n\t\t\t\t\t\t<span class=\"elementor-button-text\">Meine Philosophie<\/span>\n\t\t<\/span>\n\t\t\t\t\t<\/a>\n\t\t<\/div>\n\t\t\t\t<\/div>\n\t\t\t\t<\/div>\n\t\t\t\t<div class=\"elementor-element elementor-element-11a4b4f elementor-align-center elementor-invisible elementor-widget elementor-widget-button\" data-id=\"11a4b4f\" data-element_type=\"widget\" data-settings=\"{&quot;_animation&quot;:&quot;fadeInRight&quot;}\" data-widget_type=\"button.default\">\n\t\t\t\t<div class=\"elementor-widget-container\">\n\t\t\t\t\t<div class=\"elementor-button-wrapper\">\n\t\t\t<a href=\"https:\/\/kommunikationerleben.de\/wp-content\/uploads\/2022\/04\/Kurzprofil_Doris_Roller.pdf\" target=\"_blank\" class=\"elementor-button-link elementor-button elementor-size-lg\" role=\"button\">\n\t\t\t\t\t\t<span class=\"elementor-button-content-wrapper\">\n\t\t\t\t\t\t<span class=\"elementor-button-text\">Kurzprofil<\/span>\n\t\t<\/span>\n\t\t\t\t\t<\/a>\n\t\t<\/div>\n\t\t\t\t<\/div>\n\t\t\t\t<\/div>\n\t\t\t\t\t\t<\/div>\n\t\t\t\t\t<\/div>\n\t\t<\/div>\n\t\t\t\t\t\t\t\t<\/div>\n\t\t\t\t\t<\/div>\n\t\t<\/section>\n\t\t\t\t<section class=\"elementor-section elementor-top-section elementor-element elementor-element-ceb7c9c elementor-hidden-desktop elementor-hidden-tablet elementor-section-boxed elementor-section-height-default elementor-section-height-default\" data-id=\"ceb7c9c\" data-element_type=\"section\">\n\t\t\t\t\t\t<div class=\"elementor-container elementor-column-gap-default\">\n\t\t\t\t\t\t\t<div class=\"elementor-row\">\n\t\t\t\t\t<div class=\"elementor-column elementor-col-100 elementor-top-column elementor-element elementor-element-e78a31a\" data-id=\"e78a31a\" data-element_type=\"column\">\n\t\t\t<div class=\"elementor-column-wrap elementor-element-populated\">\n\t\t\t\t\t\t\t<div class=\"elementor-widget-wrap\">\n\t\t\t\t\t\t<div class=\"elementor-element elementor-element-00a8ec5 elementor-widget elementor-widget-menu-anchor\" data-id=\"00a8ec5\" data-element_type=\"widget\" data-widget_type=\"menu-anchor.default\">\n\t\t\t\t<div class=\"elementor-widget-container\">\n\t\t\t\t\t<div id=\"meinephilosophiemobil\" class=\"elementor-menu-anchor\"><\/div>\n\t\t\t\t<\/div>\n\t\t\t\t<\/div>\n\t\t\t\t\t\t<\/div>\n\t\t\t\t\t<\/div>\n\t\t<\/div>\n\t\t\t\t\t\t\t\t<\/div>\n\t\t\t\t\t<\/div>\n\t\t<\/section>\n\t\t\t\t<section class=\"elementor-section elementor-top-section elementor-element elementor-element-fcfbdf5 elementor-section-stretched elementor-section-full_width elementor-section-height-min-height elementor-section-items-stretch elementor-section-content-middle elementor-hidden-desktop elementor-hidden-tablet elementor-section-height-default\" data-id=\"fcfbdf5\" data-element_type=\"section\" data-settings=\"{&quot;stretch_section&quot;:&quot;section-stretched&quot;,&quot;background_background&quot;:&quot;classic&quot;,&quot;animation_mobile&quot;:&quot;none&quot;}\">\n\t\t\t\t\t\t<div class=\"elementor-container elementor-column-gap-default\">\n\t\t\t\t\t\t\t<div class=\"elementor-row\">\n\t\t\t\t\t<div class=\"elementor-column elementor-col-100 elementor-top-column elementor-element elementor-element-bc4141e\" data-id=\"bc4141e\" data-element_type=\"column\" data-settings=\"{&quot;background_background&quot;:&quot;classic&quot;,&quot;animation_mobile&quot;:&quot;none&quot;}\">\n\t\t\t<div class=\"elementor-column-wrap elementor-element-populated\">\n\t\t\t\t\t\t\t<div class=\"elementor-widget-wrap\">\n\t\t\t\t\t\t<div class=\"elementor-element elementor-element-a37e1fc elementor-invisible elementor-widget elementor-widget-text-editor\" data-id=\"a37e1fc\" data-element_type=\"widget\" data-settings=\"{&quot;_animation&quot;:&quot;pulse&quot;,&quot;_animation_mobile&quot;:&quot;none&quot;}\" data-widget_type=\"text-editor.default\">\n\t\t\t\t<div class=\"elementor-widget-container\">\n\t\t\t\t\t\t\t\t<div class=\"elementor-text-editor elementor-clearfix\">\n\t\t\t\t<h2 style=\"text-align: center;\"><span style=\"color: #000000;\"><strong>Meine Philosophie<\/strong><\/span><\/h2><h4 style=\"text-align: left;\"><span style=\"color: #000000;\">Meine Kommunikationsphilosophie ist gepr\u00e4gt von\u00a0<\/span><span style=\"color: #000000;\">Paul Watzlawick,\u00a0<\/span><span style=\"color: #000000;\">Carl Rogers, Ruth Cohn, Thomas Gordon, Eric Berne und Friedemann Schulz von Thun. Ihre Lehre hat mich in inspirierenden Prozessen in die Welt der Kommunikation eingef\u00fchrt, die mich seit Jahrzehnten nicht mehr losl\u00e4sst.<\/span><\/h4><h4><span style=\"color: #000000;\">Im t\u00e4glichen Berufs- und Privatleben werden einfache Regeln f\u00fcr kooperatives Miteinander manchmal \u00fcbersehen. Wenn das \u201eWas\u201c im Vordergrund steht und das \u201eWie\u201c vernachl\u00e4ssigt wird, geht Wesentliches auf dem Weg zum Ziel verloren.<\/span><\/h4><h4><span style=\"color: #000000;\">Ich begleite Sie mit wirksamen Methoden auf dem Weg zu Ihrem Ziel und bef\u00e4hige Sie darin, Ihren weiteren Weg zuk\u00fcnftig gest\u00e4rkt und in guter Begleitung durch Ihr Umfeld eigenst\u00e4ndig zu meistern.<\/span><\/h4><h4><span style=\"color: #000000;\">Ich tue das durch Beratung, Training und Coaching, das ich f\u00fcr (Zahn-)\u00c4rzt*innen und ihre Teams, f\u00fcr Patient*innen und Selbsthilfegruppen, f\u00fcr Teams in Krankenh\u00e4usern und f\u00fcr Studierende insbesondere an der Universit\u00e4ts-Zahnklinik der Medizinischen Fakult\u00e4t in Heidelberg anbiete.<\/span><\/h4><h4><span style=\"color: #000000;\">Dar\u00fcber hinaus m\u00f6chte ich alle Menschen ansprechen, die sich mit wirksamer Kommunikation begegnen wollen, sodass Herausforderungen in Beruf, Familie und Gesellschaft m\u00f6glichst erfolgreich und nachhaltig bew\u00e4ltigt werden k\u00f6nnen.<\/span><\/h4><h4><span style=\"color: #000000;\">Bei dieser Arbeit begleitet mich seit vielen Jahren der Baum als Metapher f\u00fcr St\u00e4rke, Ausdauer und Wandel. Wie kaum ein anderes Lebewesen verk\u00f6rpert er f\u00fcr mich das Bild von Wachstum, Anpassungsf\u00e4higkeit, Verankerung und Strahlkraft.<\/span><br \/><span style=\"color: #000000;\">All diese Eigenschaften m\u00f6chte ich mit Hilfe von gelingender Kommunikation bei meinen Kund*innen entwickeln und festigen.<\/span><\/h4><h4><span style=\"color: #000000;\">Ich freue mich, wenn ich auch Sie dabei begleiten darf.<\/span><\/h4><h4><span style=\"color: #000000;\">Ihre<\/span><\/h4><h4><span style=\"color: #000000;\">Doris Roller<\/span><\/h4>\t\t\t\t\t<\/div>\n\t\t\t\t\t\t<\/div>\n\t\t\t\t<\/div>\n\t\t\t\t\t\t<\/div>\n\t\t\t\t\t<\/div>\n\t\t<\/div>\n\t\t\t\t\t\t\t\t<\/div>\n\t\t\t\t\t<\/div>\n\t\t<\/section>\n\t\t\t\t<section class=\"elementor-section elementor-top-section elementor-element elementor-element-27816ee elementor-hidden-desktop elementor-hidden-tablet elementor-section-boxed elementor-section-height-default elementor-section-height-default\" data-id=\"27816ee\" data-element_type=\"section\">\n\t\t\t\t\t\t<div class=\"elementor-container elementor-column-gap-default\">\n\t\t\t\t\t\t\t<div class=\"elementor-row\">\n\t\t\t\t\t<div class=\"elementor-column elementor-col-100 elementor-top-column elementor-element elementor-element-e90d404\" data-id=\"e90d404\" data-element_type=\"column\">\n\t\t\t<div class=\"elementor-column-wrap\">\n\t\t\t\t\t\t\t<div class=\"elementor-widget-wrap\">\n\t\t\t\t\t\t\t\t<\/div>\n\t\t\t\t\t<\/div>\n\t\t<\/div>\n\t\t\t\t\t\t\t\t<\/div>\n\t\t\t\t\t<\/div>\n\t\t<\/section>\n\t\t\t\t<section class=\"elementor-section elementor-top-section elementor-element elementor-element-782e18ad elementor-hidden-desktop elementor-hidden-tablet elementor-section-stretched elementor-section-boxed elementor-section-height-default elementor-section-height-default\" data-id=\"782e18ad\" data-element_type=\"section\" data-settings=\"{&quot;background_background&quot;:&quot;classic&quot;,&quot;animation_mobile&quot;:&quot;none&quot;,&quot;stretch_section&quot;:&quot;section-stretched&quot;}\">\n\t\t\t\t\t\t<div class=\"elementor-container elementor-column-gap-default\">\n\t\t\t\t\t\t\t<div class=\"elementor-row\">\n\t\t\t\t\t<div class=\"elementor-column elementor-col-100 elementor-top-column elementor-element elementor-element-ec25cc2\" data-id=\"ec25cc2\" data-element_type=\"column\" data-settings=\"{&quot;animation_mobile&quot;:&quot;none&quot;}\">\n\t\t\t<div class=\"elementor-column-wrap elementor-element-populated\">\n\t\t\t\t\t\t\t<div class=\"elementor-widget-wrap\">\n\t\t\t\t\t\t<div class=\"elementor-element elementor-element-4b97ad2 elementor-widget elementor-widget-text-editor\" data-id=\"4b97ad2\" data-element_type=\"widget\" data-settings=\"{&quot;_animation_mobile&quot;:&quot;none&quot;}\" data-widget_type=\"text-editor.default\">\n\t\t\t\t<div class=\"elementor-widget-container\">\n\t\t\t\t\t\t\t\t<div class=\"elementor-text-editor elementor-clearfix\">\n\t\t\t\t<p><span style=\"color: #000000;\"><span style=\"color: #0000ff;\"><a href=\"https:\/\/kommunikationerleben.de\/?page_id=208\">Kontakt<\/a><br \/><a href=\"https:\/\/kommunikationerleben.de\/?page_id=143\">Impressum<\/a><br \/><span style=\"color: #ffffff;\"><a href=\"https:\/\/kommunikationerleben.de\/?page_id=1725\">Datenschutz<\/a><\/span><\/span><\/span><\/p><p><span style=\"color: #ffffff;\">Doris Roller<br \/>Gustav-Schulenburg-Stra\u00dfe 51<br \/>76189 Karlsruhe<\/span><\/p>\t\t\t\t\t<\/div>\n\t\t\t\t\t\t<\/div>\n\t\t\t\t<\/div>\n\t\t\t\t\t\t<\/div>\n\t\t\t\t\t<\/div>\n\t\t<\/div>\n\t\t\t\t\t\t\t\t<\/div>\n\t\t\t\t\t<\/div>\n\t\t<\/section>\n\t\t\t\t\t\t<\/div>\n\t\t\t\t\t\t<\/div>\n\t\t\t\t\t<\/div>\n\t\t","protected":false},"excerpt":{"rendered":"<p>Meine Philosophie Kurzprofil Meine Philosophie \u00a0 Meine Kommunikationsphilosophie ist gepr\u00e4gt von Paul Watzlawick, Carl Rogers, Ruth Cohn, Thomas Gordon, Eric Berne und Friedemann Schulz von Thun. Ihre Lehre hat mich in inspirierenden Prozessen in die Welt der Kommunikation eingef\u00fchrt, die mich seit Jahrzehnten nicht mehr losl\u00e4sst. Im t\u00e4glichen Berufs- und Privatleben werden einfache Regeln f\u00fcr &#8230; <a title=\"\u00dcber mich\" class=\"read-more\" href=\"https:\/\/kommunikationerleben.de\/?page_id=113\">Weiterlesen &#8230;<\/a><\/p>\n","protected":false},"author":1,"featured_media":0,"parent":0,"menu_order":4,"comment_status":"closed","ping_status":"closed","template":"","meta":[],"_links":{"self":[{"href":"https:\/\/kommunikationerleben.de\/index.php?rest_route=\/wp\/v2\/pages\/113"}],"collection":[{"href":"https:\/\/kommunikationerleben.de\/index.php?rest_route=\/wp\/v2\/pages"}],"about":[{"href":"https:\/\/kommunikationerleben.de\/index.php?rest_route=\/wp\/v2\/types\/page"}],"author":[{"embeddable":true,"href":"https:\/\/kommunikationerleben.de\/index.php?rest_route=\/wp\/v2\/users\/1"}],"replies":[{"embeddable":true,"href":"https:\/\/kommunikationerleben.de\/index.php?rest_route=%2Fwp%2Fv2%2Fcomments&post=113"}],"version-history":[{"count":198,"href":"https:\/\/kommunikationerleben.de\/index.php?rest_route=\/wp\/v2\/pages\/113\/revisions"}],"predecessor-version":[{"id":2123,"href":"https:\/\/kommunikationerleben.de\/index.php?rest_route=\/wp\/v2\/pages\/113\/revisions\/2123"}],"wp:attachment":[{"href":"https:\/\/kommunikationerleben.de\/index.php?rest_route=%2Fwp%2Fv2%2Fmedia&parent=113"}],"curies":[{"name":"wp","href":"https:\/\/api.w.org\/{rel}","templated":true}]}}